{"id":1092,"date":"2023-02-09T16:02:39","date_gmt":"2023-02-09T16:02:39","guid":{"rendered":"https:\/\/imaginarycompany.de\/?page_id=1092"},"modified":"2023-02-21T13:47:43","modified_gmt":"2023-02-21T13:47:43","slug":"familienvorstellung-3","status":"publish","type":"page","link":"https:\/\/imaginarycompany.de\/?page_id=1092","title":{"rendered":"Familienvorstellung"},"content":{"rendered":"\t\t<div data-elementor-type=\"wp-page\" data-elementor-id=\"1092\" class=\"elementor elementor-1092\">\n\t\t\t\t\t\t<div class=\"elementor-inner\">\n\t\t\t\t<div class=\"elementor-section-wrap\">\n\t\t\t\t\t\t\t\t\t<section class=\"elementor-section elementor-top-section elementor-element elementor-element-1404f7c elementor-section-full_width elementor-section-height-default elementor-section-height-default\" data-id=\"1404f7c\" data-element_type=\"section\">\n\t\t\t\t\t\t<div class=\"elementor-container elementor-column-gap-default\">\n\t\t\t\t\t\t\t<div class=\"elementor-row\">\n\t\t\t\t\t<div class=\"elementor-column elementor-col-100 elementor-top-column elementor-element elementor-element-7250634\" data-id=\"7250634\" data-element_type=\"column\">\n\t\t\t<div class=\"elementor-column-wrap elementor-element-populated\">\n\t\t\t\t\t\t\t<div class=\"elementor-widget-wrap\">\n\t\t\t\t\t\t<div class=\"elementor-element elementor-element-5341e54 elementor-widget elementor-widget-text-editor\" data-id=\"5341e54\" data-element_type=\"widget\" data-widget_type=\"text-editor.default\">\n\t\t\t\t<div class=\"elementor-widget-container\">\n\t\t\t\t\t\t\t\t<div class=\"elementor-text-editor elementor-clearfix\">\n\t\t\t\t<h2>Premiere am 3.03.2023 um 20 Uhr im Mousonturm Frankfurt<\/h2>\t\t\t\t\t<\/div>\n\t\t\t\t\t\t<\/div>\n\t\t\t\t<\/div>\n\t\t\t\t\t\t<\/div>\n\t\t\t\t\t<\/div>\n\t\t<\/div>\n\t\t\t\t\t\t\t\t<\/div>\n\t\t\t\t\t<\/div>\n\t\t<\/section>\n\t\t\t\t<section class=\"elementor-section elementor-top-section elementor-element elementor-element-f118b00 elementor-section-boxed elementor-section-height-default elementor-section-height-default\" data-id=\"f118b00\" data-element_type=\"section\">\n\t\t\t\t\t\t<div class=\"elementor-container elementor-column-gap-default\">\n\t\t\t\t\t\t\t<div class=\"elementor-row\">\n\t\t\t\t\t<div class=\"elementor-column elementor-col-66 elementor-top-column elementor-element elementor-element-903bbae\" data-id=\"903bbae\" data-element_type=\"column\">\n\t\t\t<div class=\"elementor-column-wrap elementor-element-populated\">\n\t\t\t\t\t\t\t<div class=\"elementor-widget-wrap\">\n\t\t\t\t\t\t<div class=\"elementor-element elementor-element-1859dab elementor-widget elementor-widget-text-editor\" data-id=\"1859dab\" data-element_type=\"widget\" data-widget_type=\"text-editor.default\">\n\t\t\t\t<div class=\"elementor-widget-container\">\n\t\t\t\t\t\t\t\t<div class=\"elementor-text-editor elementor-clearfix\">\n\t\t\t\t<div>Familienaufstellung, -gr\u00fcndung, -vorstellung, eine Unternehmung. Nach der Schule und dem Gericht widmet sich imaginary company einer weiteren Institution &#8211; der Familie.<\/div><p>Von Seepferdcheneltern und Kuckuckseiern \u00fcber unbezahlte Reproduktionsarbeit und Steuererleichterung, bis zu biologischer, Seelen- und Wahlverwandtschaft erkundet das Kollektiv verschiedene Konzepte und blickt auf die Institution Familie durch die Brille eines Unternehmens. Wer war schon immer dabei, wer heiratet sich ein \u2013 wer wird eingestellt, wer gefeuert? Mag ich meine Kolleg*innen, sogar den Schwiegervater? Was ist die Firmenphilosophie und was produziert dieses Unternehmen? Streikt die Gewerkschaft wieder f\u00fcr mehr Taschengeld, bezahlte \u00dcberstunden und Mitbestimmung am Essenstisch? Die imagin\u00e4ren gef\u00e4hrt*innen begeben sich auf eine Spurensuche in die Gefilde verschiedener Familienformen und ihrem Zusammenleben.<\/p>\t\t\t\t\t<\/div>\n\t\t\t\t\t\t<\/div>\n\t\t\t\t<\/div>\n\t\t\t\t<div class=\"elementor-element elementor-element-1a8fd21 elementor-widget elementor-widget-image\" data-id=\"1a8fd21\" data-element_type=\"widget\" data-widget_type=\"image.default\">\n\t\t\t\t<div class=\"elementor-widget-container\">\n\t\t\t\t\t\t\t\t<div class=\"elementor-image\">\n\t\t\t\t\t\t\t\t\t<figure class=\"wp-caption\">\n\t\t\t\t\t\t\t\t\t\t<img decoding=\"async\" width=\"916\" height=\"858\" src=\"https:\/\/imaginarycompany.de\/wp-content\/uploads\/2023\/02\/64BAE978-4337-4CD3-B0EC-D1B67E32E0E6_1_105_c.jpeg\" class=\"attachment-large size-large wp-image-1093\" alt=\"Familienvorstellung verh\u00fcllt\" loading=\"lazy\" srcset=\"https:\/\/imaginarycompany.de\/wp-content\/uploads\/2023\/02\/64BAE978-4337-4CD3-B0EC-D1B67E32E0E6_1_105_c.jpeg 916w, https:\/\/imaginarycompany.de\/wp-content\/uploads\/2023\/02\/64BAE978-4337-4CD3-B0EC-D1B67E32E0E6_1_105_c-300x281.jpeg 300w, https:\/\/imaginarycompany.de\/wp-content\/uploads\/2023\/02\/64BAE978-4337-4CD3-B0EC-D1B67E32E0E6_1_105_c-768x719.jpeg 768w, https:\/\/imaginarycompany.de\/wp-content\/uploads\/2023\/02\/64BAE978-4337-4CD3-B0EC-D1B67E32E0E6_1_105_c-650x609.jpeg 650w\" sizes=\"(max-width: 916px) 100vw, 916px\" \/>\t\t\t\t\t\t\t\t\t\t\t<figcaption class=\"widget-image-caption wp-caption-text\">Foto: Miguel Graetzer<\/figcaption>\n\t\t\t\t\t\t\t\t\t\t<\/figure>\n\t\t\t\t\t\t\t\t<\/div>\n\t\t\t\t\t\t<\/div>\n\t\t\t\t<\/div>\n\t\t\t\t\t\t<\/div>\n\t\t\t\t\t<\/div>\n\t\t<\/div>\n\t\t\t\t<div class=\"elementor-column elementor-col-33 elementor-top-column elementor-element elementor-element-0fe142f\" data-id=\"0fe142f\" data-element_type=\"column\">\n\t\t\t<div class=\"elementor-column-wrap elementor-element-populated\">\n\t\t\t\t\t\t\t<div class=\"elementor-widget-wrap\">\n\t\t\t\t\t\t<div class=\"elementor-element elementor-element-d59cb46 elementor-widget elementor-widget-image\" data-id=\"d59cb46\" data-element_type=\"widget\" data-widget_type=\"image.default\">\n\t\t\t\t<div class=\"elementor-widget-container\">\n\t\t\t\t\t\t\t\t<div class=\"elementor-image\">\n\t\t\t\t\t\t\t\t\t<figure class=\"wp-caption\">\n\t\t\t\t\t\t\t\t\t\t<img decoding=\"async\" width=\"1024\" height=\"552\" src=\"https:\/\/imaginarycompany.de\/wp-content\/uploads\/2023\/02\/7AE0E87F-9D65-48E7-9326-146355907BA1_1_105_c-1024x552.jpeg\" class=\"attachment-large size-large wp-image-1094\" alt=\"Familienvorstellung\" loading=\"lazy\" srcset=\"https:\/\/imaginarycompany.de\/wp-content\/uploads\/2023\/02\/7AE0E87F-9D65-48E7-9326-146355907BA1_1_105_c-1024x552.jpeg 1024w, https:\/\/imaginarycompany.de\/wp-content\/uploads\/2023\/02\/7AE0E87F-9D65-48E7-9326-146355907BA1_1_105_c-300x162.jpeg 300w, https:\/\/imaginarycompany.de\/wp-content\/uploads\/2023\/02\/7AE0E87F-9D65-48E7-9326-146355907BA1_1_105_c-768x414.jpeg 768w, https:\/\/imaginarycompany.de\/wp-content\/uploads\/2023\/02\/7AE0E87F-9D65-48E7-9326-146355907BA1_1_105_c-650x351.jpeg 650w, https:\/\/imaginarycompany.de\/wp-content\/uploads\/2023\/02\/7AE0E87F-9D65-48E7-9326-146355907BA1_1_105_c-1000x539.jpeg 1000w, https:\/\/imaginarycompany.de\/wp-content\/uploads\/2023\/02\/7AE0E87F-9D65-48E7-9326-146355907BA1_1_105_c.jpeg 1207w\" sizes=\"(max-width: 1024px) 100vw, 1024px\" \/>\t\t\t\t\t\t\t\t\t\t\t<figcaption class=\"widget-image-caption wp-caption-text\">Foto: Miguel Graetzer<\/figcaption>\n\t\t\t\t\t\t\t\t\t\t<\/figure>\n\t\t\t\t\t\t\t\t<\/div>\n\t\t\t\t\t\t<\/div>\n\t\t\t\t<\/div>\n\t\t\t\t<div class=\"elementor-element elementor-element-372ebd3 elementor-widget elementor-widget-text-editor\" data-id=\"372ebd3\" data-element_type=\"widget\" data-widget_type=\"text-editor.default\">\n\t\t\t\t<div class=\"elementor-widget-container\">\n\t\t\t\t\t\t\t\t<div class=\"elementor-text-editor elementor-clearfix\">\n\t\t\t\t<p><strong>Konzeption<\/strong>: imaginary company (Anne Sophie Kapsner, Anne Mahlow, Arthur Romanowski, Anja Schneidereit)<br><strong>Performance<\/strong>: imaginary company, Liese Lyon, Melina Hepp<br><strong>Bu\u0308hne und Kostu\u0308m<\/strong>: Viviane Niebling<br>Bu\u0308hnen- und Kostu\u0308massistenz: Marina Rengel<br><strong>Technik und Video<\/strong>: Miguel Graetzer<br><strong>Produktionsleitung<\/strong>: Ame\u0301lie Haller, Maren Ku\u0308pper<br><strong>Regieassistenz<\/strong>: Daniel Kailer<\/p>\n<p><strong>Alter ab 13 Jahren<\/strong><br><strong>Sprache: Deutsch<\/strong><br><strong>Urauff\u00fchrung<\/strong><\/p>\n<h2>Weitere Vorstellungen: 4.03.2023 um 16 Uhr, 6.03.2023 und 7.03.2023 um jeweils 11 Uhr<\/h2>\n<div><a href=\"http:\/\/In Koproduktion mit dem K\u00fcnstler*innenhaus Mousonturm. Gef\u00f6rdert vom Kulturamt der Stadt Frankfurt. Das zugrundeliegende Rechercheprojekt \u201aWere your parents happy or what?\u2018 wurde gef\u00f6rdert vom Fonds Darstellende K\u00fcnste aus Mitteln der Beauftragten der Bundesregierung f\u00fcr Kultur und Medien im Rahmen von NEUSTART KULTUR.\" data-wplink-url-error=\"true\">-&gt; Tickets<\/a><\/div>\t\t\t\t\t<\/div>\n\t\t\t\t\t\t<\/div>\n\t\t\t\t<\/div>\n\t\t\t\t\t\t<\/div>\n\t\t\t\t\t<\/div>\n\t\t<\/div>\n\t\t\t\t\t\t\t\t<\/div>\n\t\t\t\t\t<\/div>\n\t\t<\/section>\n\t\t\t\t<section class=\"elementor-section elementor-top-section elementor-element elementor-element-26c585e elementor-section-boxed elementor-section-height-default elementor-section-height-default\" data-id=\"26c585e\" data-element_type=\"section\">\n\t\t\t\t\t\t<div class=\"elementor-container elementor-column-gap-default\">\n\t\t\t\t\t\t\t<div class=\"elementor-row\">\n\t\t\t\t\t<div class=\"elementor-column elementor-col-100 elementor-top-column elementor-element elementor-element-4204886\" data-id=\"4204886\" data-element_type=\"column\">\n\t\t\t<div class=\"elementor-column-wrap elementor-element-populated\">\n\t\t\t\t\t\t\t<div class=\"elementor-widget-wrap\">\n\t\t\t\t\t\t<div class=\"elementor-element elementor-element-43c8028 elementor-widget elementor-widget-text-editor\" data-id=\"43c8028\" data-element_type=\"widget\" data-widget_type=\"text-editor.default\">\n\t\t\t\t<div class=\"elementor-widget-container\">\n\t\t\t\t\t\t\t\t<div class=\"elementor-text-editor elementor-clearfix\">\n\t\t\t\t<p>In Koproduktion mit dem K\u00fcnstler*innenhaus Mousonturm. Gef\u00f6rdert vom Kulturamt der Stadt Frankfurt.<br \/>Das zugrundeliegende Rechercheprojekt \u201aWere your parents happy or what?\u2018 wurde gef\u00f6rdert vom Fonds Darstellende K\u00fcnste aus Mitteln der Beauftragten der Bundesregierung f\u00fcr Kultur und Medien im Rahmen von NEUSTART KULTUR.<\/p>\t\t\t\t\t<\/div>\n\t\t\t\t\t\t<\/div>\n\t\t\t\t<\/div>\n\t\t\t\t\t\t<\/div>\n\t\t\t\t\t<\/div>\n\t\t<\/div>\n\t\t\t\t\t\t\t\t<\/div>\n\t\t\t\t\t<\/div>\n\t\t<\/section>\n\t\t\t\t\t\t\t\t\t<\/div>\n\t\t\t<\/div>\n\t\t\t\t\t<\/div>\n\t\t","protected":false},"excerpt":{"rendered":"<p>Premiere am 3.03.2023 um 20 Uhr im Mousonturm Frankfurt Familienaufstellung, &hellip;<\/p>\n","protected":false},"author":1,"featured_media":0,"parent":10,"menu_order":0,"comment_status":"closed","ping_status":"closed","template":"","meta":{"inline_featured_image":false},"_links":{"self":[{"href":"https:\/\/imaginarycompany.de\/index.php?rest_route=\/wp\/v2\/pages\/1092"}],"collection":[{"href":"https:\/\/imaginarycompany.de\/index.php?rest_route=\/wp\/v2\/pages"}],"about":[{"href":"https:\/\/imaginarycompany.de\/index.php?rest_route=\/wp\/v2\/types\/page"}],"author":[{"embeddable":true,"href":"https:\/\/imaginarycompany.de\/index.php?rest_route=\/wp\/v2\/users\/1"}],"replies":[{"embeddable":true,"href":"https:\/\/imaginarycompany.de\/index.php?rest_route=%2Fwp%2Fv2%2Fcomments&post=1092"}],"version-history":[{"count":16,"href":"https:\/\/imaginarycompany.de\/index.php?rest_route=\/wp\/v2\/pages\/1092\/revisions"}],"predecessor-version":[{"id":1121,"href":"https:\/\/imaginarycompany.de\/index.php?rest_route=\/wp\/v2\/pages\/1092\/revisions\/1121"}],"up":[{"embeddable":true,"href":"https:\/\/imaginarycompany.de\/index.php?rest_route=\/wp\/v2\/pages\/10"}],"wp:attachment":[{"href":"https:\/\/imaginarycompany.de\/index.php?rest_route=%2Fwp%2Fv2%2Fmedia&parent=1092"}],"curies":[{"name":"wp","href":"https:\/\/api.w.org\/{rel}","templated":true}]}}