{"id":29,"date":"2019-11-15T19:21:20","date_gmt":"2019-11-15T19:21:20","guid":{"rendered":"http:\/\/hkmr.de\/?page_id=29"},"modified":"2020-10-11T19:48:28","modified_gmt":"2020-10-11T19:48:28","slug":"anne-kapsner","status":"publish","type":"page","link":"https:\/\/imaginarycompany.de\/?page_id=29","title":{"rendered":"Anne Kapsner"},"content":{"rendered":"<div class=\"bm-builder\"><div class=\"module col-5   module-id-1574000241936\" data-module-col=\"5\"><div class=\"module-inside clearfix\"><div class=\"single-image-out \" data-animationend=\"fadeined\"><div class=\"single-image   single-image-full left-ux\"><div class=\"ux-hover-wrap\" style=\"padding-top: 150%;\"><img alt=\"Schulausflug Anne Kapsner 2019 Charlotte B\u00f6sling\" class=\"single-image-img lazy \" src=\"data:image\/gif;base64,R0lGODlhAQABAIAAAAAAAP\/\/\/yH5BAEAAAAALAAAAAABAAEAAAIBRAA7\" data-src=\"https:\/\/imaginarycompany.de\/wp-content\/uploads\/2019\/11\/DSC_0422.jpg\" width=\"4000\" height=\"6000\"  \/><\/div><\/div><\/div><\/div><\/div><div class=\"module col-7   module-id-1574000339509\" data-module-col=\"7\"><div class=\"module-inside clearfix\"><div class=\"text_block_out \" data-animationend=\"fadeined\"><div class=\"text_block ux-mod-nobg\" style=\"\"><div class=\"text_block_inn\"><div class=\"text_block_centered \" style=\"\"><p><b>Anne Kapsner<\/b>, geb. 1990 in M\u00fcnchen. Studium Theaterwissenschaft und Sprache, Literatur, Kultur (Schwerpunkt Schwedisch) an der LMU M\u00fcnchen und der Universit\u00e4t Stockholm sowie Theaterregie an der Hochschule f\u00fcr Musik und Darstellende Kunst Frankfurt am Main. Hospitanzen bei u.a. Johan Simons, Thomas Langhoff und Andreas Kriegenburg. Von 2017 bis 2020 war sie Stipendiatin der Stiftung Polytechnische Gesellschaft. Ab der Spielzeit 2020\/21 ist sie feste Regieassistentin an den M\u00fcnchner Kammerspielen.<br><\/p>\n<p dir=\"ltr\">Sie arbeitet in verschiedenen Konstellationen als Performerin, Autorin und Regisseurin in Frankfurt und M\u00fcnchen. F\u00fcr das Kollektiv m\u00e4dchen*theater schrieb und performte sie OVARtorium. Eine heilige Theaterzeremonie an den Landungsbr\u00fccken Frankfurt. Am studio NAXOS in Frankfurt brachte sie den Comic Der Ursprung der Welt von Liv Str\u00f6mquist zur Deutschsprachigen Erstauff\u00fchrung. Im Rahmen des Festivals #sieinspiriertmich zum Weltfrauentag 2020 in M\u00fcnchen realisierte sie die Lecture Performance <i>LUST<\/i>, die im Fr\u00fchjahr 20201 als Gastspiel an das Dschungel Wien eingeladen wurde. Ihre Abschlussarbeit <i>NUR DIE LIEBE Z\u00c4HLT, haben sie gesagt<\/i> zeigte sie am PATHOS Theater M\u00fcnchen. Kapsners Arbeiten bewegen sich an der Schnittstelle von Realit\u00e4t und Fiktion, arbeiten mit autobiographischem Material und \u00fcben sich in dem Versuch, Heteronormativit\u00e4t zu dekonstruieren.<\/p>\n<p>\n<\/p><\/div><\/div><\/div><\/div><\/div><\/div><\/div>","protected":false},"excerpt":{"rendered":"","protected":false},"author":1,"featured_media":0,"parent":21,"menu_order":0,"comment_status":"closed","ping_status":"closed","template":"","meta":{"inline_featured_image":false},"_links":{"self":[{"href":"https:\/\/imaginarycompany.de\/index.php?rest_route=\/wp\/v2\/pages\/29"}],"collection":[{"href":"https:\/\/imaginarycompany.de\/index.php?rest_route=\/wp\/v2\/pages"}],"about":[{"href":"https:\/\/imaginarycompany.de\/index.php?rest_route=\/wp\/v2\/types\/page"}],"author":[{"embeddable":true,"href":"https:\/\/imaginarycompany.de\/index.php?rest_route=\/wp\/v2\/users\/1"}],"replies":[{"embeddable":true,"href":"https:\/\/imaginarycompany.de\/index.php?rest_route=%2Fwp%2Fv2%2Fcomments&post=29"}],"version-history":[{"count":4,"href":"https:\/\/imaginarycompany.de\/index.php?rest_route=\/wp\/v2\/pages\/29\/revisions"}],"predecessor-version":[{"id":639,"href":"https:\/\/imaginarycompany.de\/index.php?rest_route=\/wp\/v2\/pages\/29\/revisions\/639"}],"up":[{"embeddable":true,"href":"https:\/\/imaginarycompany.de\/index.php?rest_route=\/wp\/v2\/pages\/21"}],"wp:attachment":[{"href":"https:\/\/imaginarycompany.de\/index.php?rest_route=%2Fwp%2Fv2%2Fmedia&parent=29"}],"curies":[{"name":"wp","href":"https:\/\/api.w.org\/{rel}","templated":true}]}}