{"id":31,"date":"2019-11-15T19:21:50","date_gmt":"2019-11-15T19:21:50","guid":{"rendered":"http:\/\/hkmr.de\/?page_id=31"},"modified":"2020-10-06T21:23:46","modified_gmt":"2020-10-06T21:23:46","slug":"arthur-romanowski","status":"publish","type":"page","link":"https:\/\/imaginarycompany.de\/?page_id=31","title":{"rendered":"Arthur Romanowski"},"content":{"rendered":"<div class=\"bm-builder\"><div class=\"module col-7  col-offset-4 module-id-1573999525532\" data-module-col=\"7\"><div class=\"module-inside clearfix\"><div class=\"single-image-out \" data-animationend=\"fadeined\"><div class=\"single-image lightbox-photoswipe  single-image-full left-ux\"><div data-lightbox=\"true\"><a style=\"padding-top: 66.666666666667%;\" class=\"lightbox-item ux-hover-wrap\" href=\"https:\/\/imaginarycompany.de\/wp-content\/uploads\/2019\/11\/DSC_0275.jpg\" data-size=\"6000x4000\" data-title=\"\" title=\"\"><img alt=\"Arthur Romanowski 2019 Charlotte B\u00f6sling\" class=\"single-image-img lazy \" src=\"data:image\/gif;base64,R0lGODlhAQABAIAAAAAAAP\/\/\/yH5BAEAAAAALAAAAAABAAEAAAIBRAA7\" data-src=\"https:\/\/imaginarycompany.de\/wp-content\/uploads\/2019\/11\/DSC_0275.jpg\" width=\"6000\" height=\"4000\"  \/><\/a><\/div><\/div><\/div><\/div><\/div><div class=\"module col-9  col-offset-1 module-id-1573999512326\" data-module-col=\"9\"><div class=\"module-inside clearfix\"><div class=\"text_block_out \" data-animationend=\"fadeined\"><div class=\"text_block ux-mod-nobg\" style=\"\"><div class=\"text_block_inn\"><div class=\"text_block_centered \" style=\"\"><p><b>Arthur Romanowski<\/b>, 1992 geboren und aufgewachsen in Berlin, studierte Angewandte Theaterwissenschaft in Gie\u00dfen. Er arbeitet als Autor, Performer und Regisseur. Als Performer arbeitete er u.a. schon am Maxim Gorki Theater und Staatsthetaer Wiesbaden in Projekten von Armin Petras, Carlos Manuel, Fred Pommerehn, Felicitas Brucker und Tiago Rodriguez. In Projekten des Regisseur Carlos Manuel hat er seit fr\u00fcher Jugend an der JTW Spandau gespielt, u.a. \u201eAmerika\u201c, \u201eDie Strategie meines Lebens\u201c, \u201eVor dem Gesetz\u201c und \u201eBerlin Alexanderplatz\u201c.&nbsp; Seit 2010 entstanden eigene Arbeiten an der jtw Spandau \u201eDas AAA der deutschen Misere\u201c, \u201eDoktor Faustus lights the lights\u201c, \u201eDie Fabrik der verschuldeten Menschen\u201c. Im Garten der jtw Spandau pflanzte er zusammen mit Mitspieler*innen vier Obstb\u00e4ume w\u00e4hrend der Performance \u201ePropaganda\u201c. Ebenso inszenierte er an der Neuk\u00f6llner Oper, sowie in der freien Szene in Hildesheim, M\u00fcnchen, Frankfurt und Leipzig. Zwischen 2017 und 2019 realisierte er zusammen mit Kommando Pnimin Konsul Bernick muss nochmal ran am Theater HochX und den Abschlussball der gro\u00dfen Erz\u00e4hlungen im Musikclub Milla in M\u00fcnchen. Mit Irgendwas f\u00fcr Irgendwen an Irgendeinem Tag im Juni erhielt er 2018 den Jury-Preis der K\u00f6rber Stiftung. Bei dem Festival \u201eVerlorene Illusionen\u201c 2018 zeigte er mit zwei Ensemble-Mitgliedern der jtw spandau die Performance \u201eNotlandung\u201c am Milit\u00e4rhistorischem Museum in Gatow. Mit dem Performance-Kollektiv Hain\/Kapsner\/Mahlow\/Romanowski entwickelt er am Mousonturm Frankfurt Audiowalks f\u00fcr junges Publikum, u.a. \u201eSchulausflug\u201c und \u201eDie Verhandlung\u201c.&nbsp; Im Juni 2019 hatte die Inszenierung Investiert Euch! am Jungen Nationaltheater Mannheim Premiere. September 2019 kam das Talk-Format Rote Beete Reden am K\u00fcnstlerhaus Mousonturm Frankfurt am Main zur Premiere. Im Januar 2020 arbeitete er als Dramaturg und Schauspieler an der Volksb\u00fchne Berlin f\u00fcr das Projekt \u201evengapoise \u2013 ibiza sky\u201c. F\u00fcr das Jahr 2020\/21 haben Ossian Hain und Arthur Romanowski das Nah Dran! Stipendium kjtz und des Deutschen Literaturfonds erhalten, um das St\u00fcck \u201eDie Katze auf der Matte im Weltraum\u201c zu schreiben. 2021 inszeniert Arthur Romanowski am Schauspielhaus Wien eine Fortf\u00fchrung der Rote Beete Reden.<\/p>\n<\/div><\/div><\/div><\/div><\/div><\/div><div class=\"module col-9  col-offset-1 module-id-1602019299567\" data-module-col=\"9\"><div class=\"module-inside clearfix\"><div class=\"text_block_out \" data-animationend=\"fadeined\"><div class=\"text_block ux-mod-nobg\" style=\"\"><div class=\"text_block_inn\"><div class=\"text_block_centered \" style=\"\"><p><b>Soloarbeiten (Auswahl)<\/b><\/p>\n<ul>\n<li><b><a href=\"https:\/\/www.nationaltheater-mannheim.de\/de\/junges-ntm\/stueck_details.php?SID=3240\" style=\"\">2019: Investiert Euch! (Junges Nationaltheater Mannheim)<\/a><\/b><\/li>\n<li><b><a href=\"https:\/\/www.mousonturm.de\/events\/rote-beete-reden\/\" target=\"_blank\" rel=\"noopener noreferrer\">2019: Rote Beete Reden (Mousonturm Frankfurt)<\/a><br><a href=\"https:\/\/www.deutschlandfunkkultur.de\/skypen-mit-der-oma-deutsch-polnische-familiengespraeche-auf.2156.de.html?dram:article_id=457549\">LINK: Interview bei Deutschlandfunk Kultur<\/a><\/b><\/li>\n<li><b><a href=\"https:\/\/jtw-spandau.de\/notlandung\/\">2018: Notlandung (jtw Spandau)<\/a><\/b><\/li>\n<\/ul>\n<p><b><br><\/b><\/p>\n<\/div><\/div><\/div><\/div><\/div><\/div><\/div>","protected":false},"excerpt":{"rendered":"","protected":false},"author":1,"featured_media":0,"parent":21,"menu_order":0,"comment_status":"closed","ping_status":"closed","template":"","meta":{"inline_featured_image":false},"_links":{"self":[{"href":"https:\/\/imaginarycompany.de\/index.php?rest_route=\/wp\/v2\/pages\/31"}],"collection":[{"href":"https:\/\/imaginarycompany.de\/index.php?rest_route=\/wp\/v2\/pages"}],"about":[{"href":"https:\/\/imaginarycompany.de\/index.php?rest_route=\/wp\/v2\/types\/page"}],"author":[{"embeddable":true,"href":"https:\/\/imaginarycompany.de\/index.php?rest_route=\/wp\/v2\/users\/1"}],"replies":[{"embeddable":true,"href":"https:\/\/imaginarycompany.de\/index.php?rest_route=%2Fwp%2Fv2%2Fcomments&post=31"}],"version-history":[{"count":5,"href":"https:\/\/imaginarycompany.de\/index.php?rest_route=\/wp\/v2\/pages\/31\/revisions"}],"predecessor-version":[{"id":647,"href":"https:\/\/imaginarycompany.de\/index.php?rest_route=\/wp\/v2\/pages\/31\/revisions\/647"}],"up":[{"embeddable":true,"href":"https:\/\/imaginarycompany.de\/index.php?rest_route=\/wp\/v2\/pages\/21"}],"wp:attachment":[{"href":"https:\/\/imaginarycompany.de\/index.php?rest_route=%2Fwp%2Fv2%2Fmedia&parent=31"}],"curies":[{"name":"wp","href":"https:\/\/api.w.org\/{rel}","templated":true}]}}