{"id":546,"date":"2019-11-15T20:00:46","date_gmt":"2019-11-15T20:00:46","guid":{"rendered":"http:\/\/hkmr.de\/?page_id=546"},"modified":"2021-04-15T14:02:28","modified_gmt":"2021-04-15T14:02:28","slug":"kontakt","status":"publish","type":"page","link":"https:\/\/imaginarycompany.de\/?page_id=546","title":{"rendered":"Kontakt"},"content":{"rendered":"<div class=\"bm-builder\"><div class=\"module col-4   module-id-1604401130821\" data-module-col=\"4\"><div class=\"module-inside clearfix\"><div class=\"text_block_out \" data-animationend=\"fadeined\"><div class=\"text_block ux-mod-nobg\" style=\"\"><div class=\"text_block_inn\"><div class=\"text_block_centered \" style=\"\">\r\n\r\nimaginary company\r\nHain \/ Kapsner \/ Mahlow \/ Romanowski \/ Schneidereit\r\nFrankenallee 201\r\n60326 Frankfurt am Main\r\n\r\nproduktion@imaginarycompany.de\r\n\r\nWebseite Design &amp; Programmierung: Ossian Hain\r\n\r\nBei Beanstandungen oder R\u00fcckfragen, bitten wir Sie, telefonisch oder per Email mit uns Kontakt aufzunehmen.\r\n\r\nDie Termine von Theaterst\u00fccken k\u00f6nnen sich kurzfristig \u00e4ndern und es k\u00f6nnen Abweichungen zu dem Spielplan auf der Website entstehen.\r\n\r\n&nbsp;\r\n\r\n&nbsp;\r\n\r\n<\/div><\/div><\/div><\/div><\/div><\/div><div class=\"module col-8   module-id-1604401140936\" data-module-col=\"8\"><div class=\"module-inside clearfix\"><div class=\"single-image-out \" data-animationend=\"fadeined\"><div class=\"single-image   single-image-full left-ux\"><div class=\"ux-hover-wrap\" style=\"padding-top: 62.95907660021%;\"><img alt=\"O004_ParkBlackwhite\" class=\"single-image-img lazy \" src=\"data:image\/gif;base64,R0lGODlhAQABAIAAAAAAAP\/\/\/yH5BAEAAAAALAAAAAABAAEAAAIBRAA7\" data-src=\"https:\/\/imaginarycompany.de\/wp-content\/uploads\/2020\/11\/O004_ParkBlackwhite-1.png\" width=\"953\" height=\"600\"  \/><\/div><\/div><\/div><\/div><\/div><div class=\"module col-12   module-id-1604401208865\" data-module-col=\"12\"><div class=\"module-inside clearfix\"><div class=\"text_block_out \" data-animationend=\"fadeined\"><div class=\"text_block ux-mod-nobg\" style=\"\"><div class=\"text_block_inn\"><div class=\"text_block_centered \" style=\"\">\r\n\r\n<strong>Website Disclaimer<\/strong>\r\n\r\nAlle Dokumente und Dateien, die Sie auf diesen Seiten finden, wurden von uns mit gr\u00f6\u00dftm\u00f6glicher Sorgfalt erstellt. Wir bitten um Ihr Verst\u00e4ndnis, dass wir dennoch f\u00fcr die Richtigkeit und Vollst\u00e4ndigkeit der in dem Angebot hinterlegten Informationen keine Gew\u00e4hr \u00fcbernehmen k\u00f6nnen. Wir schlie\u00dfen die Haftung f\u00fcr Sch\u00e4den aus, die sich direkt oder indirekt aus der Verwendung der Website und der darin enthaltenen Informationen ergeben k\u00f6nnen. Hiervon ausgenommen ist die Haftung f\u00fcr Vorsatz oder grobe Fahrl\u00e4ssigkeit.\r\n\r\nWir \u00fcbernehmen ferner keine Haftung f\u00fcr die Inhalte anderer Websites, die Sie \u00fcber Hyperlinks von dieser Webseite aus besuchen k\u00f6nnen. Hierbei handelt es sich um fremde Angebote, auf deren inhaltliche Gestaltung wir keinen Einfluss haben. Diese Hyperlinks sind eine Serviceleistung. Als Betreiber dieser Webseite sind wir f\u00fcr die Inhalte fremder Webseiten jedoch nicht verantwortlich.\r\n\r\nSollten Sie Kenntnis von rechtswidrigen Inhalten von Websites anderer Anbieter erhalten, die Sie \u00fcber unser Angebot per Hyperlink besuchen k\u00f6nnen, bitten wir um einen Hinweis, damit wir den Verweis auf das entsprechende Angebot aufheben k\u00f6nnen.\r\n\r\n<\/div><\/div><\/div><\/div><\/div><\/div><\/div>","protected":false},"excerpt":{"rendered":"","protected":false},"author":1,"featured_media":0,"parent":0,"menu_order":0,"comment_status":"closed","ping_status":"closed","template":"","meta":{"inline_featured_image":false},"_links":{"self":[{"href":"https:\/\/imaginarycompany.de\/index.php?rest_route=\/wp\/v2\/pages\/546"}],"collection":[{"href":"https:\/\/imaginarycompany.de\/index.php?rest_route=\/wp\/v2\/pages"}],"about":[{"href":"https:\/\/imaginarycompany.de\/index.php?rest_route=\/wp\/v2\/types\/page"}],"author":[{"embeddable":true,"href":"https:\/\/imaginarycompany.de\/index.php?rest_route=\/wp\/v2\/users\/1"}],"replies":[{"embeddable":true,"href":"https:\/\/imaginarycompany.de\/index.php?rest_route=%2Fwp%2Fv2%2Fcomments&post=546"}],"version-history":[{"count":6,"href":"https:\/\/imaginarycompany.de\/index.php?rest_route=\/wp\/v2\/pages\/546\/revisions"}],"predecessor-version":[{"id":932,"href":"https:\/\/imaginarycompany.de\/index.php?rest_route=\/wp\/v2\/pages\/546\/revisions\/932"}],"wp:attachment":[{"href":"https:\/\/imaginarycompany.de\/index.php?rest_route=%2Fwp%2Fv2%2Fmedia&parent=546"}],"curies":[{"name":"wp","href":"https:\/\/api.w.org\/{rel}","templated":true}]}}