{"id":674,"date":"2020-10-11T19:59:20","date_gmt":"2020-10-11T19:59:20","guid":{"rendered":"http:\/\/hkmr.de\/?page_id=674"},"modified":"2020-10-11T19:59:20","modified_gmt":"2020-10-11T19:59:20","slug":"anja-schneidereit","status":"publish","type":"page","link":"https:\/\/imaginarycompany.de\/?page_id=674","title":{"rendered":"Anja Schneidereit"},"content":{"rendered":"<div class=\"bm-builder\"><div class=\"module col-7   module-id-1602445725660\" data-module-col=\"7\"><div class=\"module-inside clearfix\"><div class=\"single-image-out \" data-animationend=\"fadeined\"><div class=\"single-image   single-image-full left-ux\"><div class=\"ux-hover-wrap\" style=\"padding-top: 57.064471879287%;\"><img alt=\"Anja Schneidereit\" class=\"single-image-img lazy \" src=\"data:image\/gif;base64,R0lGODlhAQABAIAAAAAAAP\/\/\/yH5BAEAAAAALAAAAAABAAEAAAIBRAA7\" data-src=\"https:\/\/imaginarycompany.de\/wp-content\/uploads\/2020\/10\/Anja.jpg\" width=\"1458\" height=\"832\"  \/><\/div><\/div><\/div><\/div><\/div><div class=\"module col-12   module-id-1602446153419\" data-module-col=\"12\"><div class=\"module-inside clearfix\"><div class=\"text_block_out \" data-animationend=\"fadeined\"><div class=\"text_block ux-mod-nobg\" style=\"\"><div class=\"text_block_inn\"><div class=\"text_block_centered \" style=\"\"><p><b>Anja Schneidereit<\/b> hat Kulturwissenschaften und franz\u00f6sische Philologie in Potsdam und Toulouse und Dramaturgie in Frankfurt am Main studiert. W\u00e4hrend des Studiums hospitierte sie u.a. bei Theater der Zeit, Thalia Theater und Deutsches Theater Berlin und assistierte in der Dramaturgie der Ruhrtriennale. Die eigene Theaterarbeit besch\u00e4ftigt sich mit K\u00f6rpern, die sich mit r\u00e4umlichen Begebenheiten konfrontiert sehen und situiert sich zwischen Installation und Performance. Anja arbeitet als freie Dramaturgin\/ Projektleiterin.<\/p><\/div><\/div><\/div><\/div><\/div><\/div><\/div>","protected":false},"excerpt":{"rendered":"","protected":false},"author":1,"featured_media":0,"parent":21,"menu_order":5,"comment_status":"closed","ping_status":"closed","template":"","meta":{"inline_featured_image":false},"_links":{"self":[{"href":"https:\/\/imaginarycompany.de\/index.php?rest_route=\/wp\/v2\/pages\/674"}],"collection":[{"href":"https:\/\/imaginarycompany.de\/index.php?rest_route=\/wp\/v2\/pages"}],"about":[{"href":"https:\/\/imaginarycompany.de\/index.php?rest_route=\/wp\/v2\/types\/page"}],"author":[{"embeddable":true,"href":"https:\/\/imaginarycompany.de\/index.php?rest_route=\/wp\/v2\/users\/1"}],"replies":[{"embeddable":true,"href":"https:\/\/imaginarycompany.de\/index.php?rest_route=%2Fwp%2Fv2%2Fcomments&post=674"}],"version-history":[{"count":1,"href":"https:\/\/imaginarycompany.de\/index.php?rest_route=\/wp\/v2\/pages\/674\/revisions"}],"predecessor-version":[{"id":678,"href":"https:\/\/imaginarycompany.de\/index.php?rest_route=\/wp\/v2\/pages\/674\/revisions\/678"}],"up":[{"embeddable":true,"href":"https:\/\/imaginarycompany.de\/index.php?rest_route=\/wp\/v2\/pages\/21"}],"wp:attachment":[{"href":"https:\/\/imaginarycompany.de\/index.php?rest_route=%2Fwp%2Fv2%2Fmedia&parent=674"}],"curies":[{"name":"wp","href":"https:\/\/api.w.org\/{rel}","templated":true}]}}