{"id":686,"date":"2020-11-01T19:23:46","date_gmt":"2020-11-01T19:23:46","guid":{"rendered":"http:\/\/hkmr.de\/?page_id=686"},"modified":"2022-02-22T16:25:17","modified_gmt":"2022-02-22T16:25:17","slug":"686-2","status":"publish","type":"page","link":"https:\/\/imaginarycompany.de\/?page_id=686","title":{"rendered":"Die Verhandlung"},"content":{"rendered":"\t\t<div data-elementor-type=\"wp-page\" data-elementor-id=\"686\" class=\"elementor elementor-686\">\n\t\t\t\t\t\t<div class=\"elementor-inner\">\n\t\t\t\t<div class=\"elementor-section-wrap\">\n\t\t\t\t\t\t\t\t\t<section class=\"elementor-section elementor-top-section elementor-element elementor-element-11df2c7 elementor-section-boxed elementor-section-height-default elementor-section-height-default\" data-id=\"11df2c7\" data-element_type=\"section\">\n\t\t\t\t\t\t<div class=\"elementor-container elementor-column-gap-default\">\n\t\t\t\t\t\t\t<div class=\"elementor-row\">\n\t\t\t\t\t<div class=\"elementor-column elementor-col-100 elementor-top-column elementor-element elementor-element-0d7775a\" data-id=\"0d7775a\" data-element_type=\"column\">\n\t\t\t<div class=\"elementor-column-wrap elementor-element-populated\">\n\t\t\t\t\t\t\t<div class=\"elementor-widget-wrap\">\n\t\t\t\t\t\t<div class=\"elementor-element elementor-element-8d6a00d elementor-widget elementor-widget-heading\" data-id=\"8d6a00d\" data-element_type=\"widget\" data-widget_type=\"heading.default\">\n\t\t\t\t<div class=\"elementor-widget-container\">\n\t\t\t<h2 class=\"elementor-heading-title elementor-size-medium\"><a href=\"https:\/\/kultur-frankfurt.de\/portal\/de\/startseite\/Buehne\/4\/2015\/0\/0\/1159.aspx\"><b>Ausgezeichnet mit dem F\u00f6rderpreis KARFUNKEL der Stadt Frankfurt am Main.<\/b><\/a><\/h2>\t\t<\/div>\n\t\t\t\t<\/div>\n\t\t\t\t\t\t<\/div>\n\t\t\t\t\t<\/div>\n\t\t<\/div>\n\t\t\t\t\t\t\t\t<\/div>\n\t\t\t\t\t<\/div>\n\t\t<\/section>\n\t\t\t\t<section class=\"elementor-section elementor-top-section elementor-element elementor-element-4bb743c elementor-section-boxed elementor-section-height-default elementor-section-height-default\" data-id=\"4bb743c\" data-element_type=\"section\">\n\t\t\t\t\t\t<div class=\"elementor-container elementor-column-gap-default\">\n\t\t\t\t\t\t\t<div class=\"elementor-row\">\n\t\t\t\t\t<div class=\"elementor-column elementor-col-50 elementor-top-column elementor-element elementor-element-c36982f\" data-id=\"c36982f\" data-element_type=\"column\">\n\t\t\t<div class=\"elementor-column-wrap elementor-element-populated\">\n\t\t\t\t\t\t\t<div class=\"elementor-widget-wrap\">\n\t\t\t\t\t\t<div class=\"elementor-element elementor-element-569add7 elementor-arrows-position-inside elementor-widget elementor-widget-image-carousel\" data-id=\"569add7\" data-element_type=\"widget\" data-settings=\"{&quot;slides_to_show&quot;:&quot;1&quot;,&quot;navigation&quot;:&quot;arrows&quot;,&quot;autoplay&quot;:&quot;no&quot;,&quot;infinite&quot;:&quot;yes&quot;,&quot;effect&quot;:&quot;slide&quot;,&quot;speed&quot;:500}\" data-widget_type=\"image-carousel.default\">\n\t\t\t\t<div class=\"elementor-widget-container\">\n\t\t\t\t\t<div class=\"elementor-image-carousel-wrapper swiper-container\" dir=\"ltr\">\n\t\t\t<div class=\"elementor-image-carousel swiper-wrapper swiper-image-stretch\">\n\t\t\t\t\t\t\t\t<div class=\"swiper-slide\"><figure class=\"swiper-slide-inner\"><img decoding=\"async\" class=\"swiper-slide-image\" src=\"https:\/\/imaginarycompany.de\/wp-content\/uploads\/2021\/08\/Ank\u00fcndigungsfotoTAG.png\" alt=\"Ank\u00fcndigungsfotoTAG\" \/><\/figure><\/div><div class=\"swiper-slide\"><figure class=\"swiper-slide-inner\"><img decoding=\"async\" class=\"swiper-slide-image\" src=\"https:\/\/imaginarycompany.de\/wp-content\/uploads\/2021\/08\/B\u00fccher-Ank\u00fcndigung.png\" alt=\"B\u00fccher Ank\u00fcndigung\" \/><\/figure><\/div><div class=\"swiper-slide\"><figure class=\"swiper-slide-inner\"><img decoding=\"async\" class=\"swiper-slide-image\" src=\"https:\/\/imaginarycompany.de\/wp-content\/uploads\/2021\/08\/UPD8368-scaled.jpg\" alt=\"_UPD8368\" \/><\/figure><\/div><div class=\"swiper-slide\"><figure class=\"swiper-slide-inner\"><img decoding=\"async\" class=\"swiper-slide-image\" src=\"https:\/\/imaginarycompany.de\/wp-content\/uploads\/2021\/08\/UPD8293-scaled.jpg\" alt=\"_UPD8293\" \/><\/figure><\/div><div class=\"swiper-slide\"><figure class=\"swiper-slide-inner\"><img decoding=\"async\" class=\"swiper-slide-image\" src=\"https:\/\/imaginarycompany.de\/wp-content\/uploads\/2021\/08\/D5CC4559-EEFC-408D-8E0C-1E23CA14C790-scaled.jpg\" alt=\"D5CC4559-EEFC-408D-8E0C-1E23CA14C790\" \/><\/figure><\/div><div class=\"swiper-slide\"><figure class=\"swiper-slide-inner\"><img decoding=\"async\" class=\"swiper-slide-image\" src=\"https:\/\/imaginarycompany.de\/wp-content\/uploads\/2021\/08\/UPD8437-CORRECTED.png\" alt=\"_UPD8437 CORRECTED\" \/><\/figure><\/div>\t\t\t<\/div>\n\t\t\t\t\t\t\t\t\t\t\t\t\t\t\t\t<div class=\"elementor-swiper-button elementor-swiper-button-prev\">\n\t\t\t\t\t\t<i aria-hidden=\"true\" class=\"eicon-chevron-left\"><\/i>\t\t\t\t\t\t<span class=\"elementor-screen-only\">Zur\u00fcck<\/span>\n\t\t\t\t\t<\/div>\n\t\t\t\t\t<div class=\"elementor-swiper-button elementor-swiper-button-next\">\n\t\t\t\t\t\t<i aria-hidden=\"true\" class=\"eicon-chevron-right\"><\/i>\t\t\t\t\t\t<span class=\"elementor-screen-only\">Weiter<\/span>\n\t\t\t\t\t<\/div>\n\t\t\t\t\t\t\t\t\t<\/div>\n\t\t\t\t<\/div>\n\t\t\t\t<\/div>\n\t\t\t\t<section class=\"elementor-section elementor-inner-section elementor-element elementor-element-a93de77 elementor-section-boxed elementor-section-height-default elementor-section-height-default\" data-id=\"a93de77\" data-element_type=\"section\">\n\t\t\t\t\t\t<div class=\"elementor-container elementor-column-gap-default\">\n\t\t\t\t\t\t\t<div class=\"elementor-row\">\n\t\t\t\t\t<div class=\"elementor-column elementor-col-50 elementor-inner-column elementor-element elementor-element-40334eb\" data-id=\"40334eb\" data-element_type=\"column\">\n\t\t\t<div class=\"elementor-column-wrap\">\n\t\t\t\t\t\t\t<div class=\"elementor-widget-wrap\">\n\t\t\t\t\t\t\t\t<\/div>\n\t\t\t\t\t<\/div>\n\t\t<\/div>\n\t\t\t\t<div class=\"elementor-column elementor-col-50 elementor-inner-column elementor-element elementor-element-e7bc301\" data-id=\"e7bc301\" data-element_type=\"column\">\n\t\t\t<div class=\"elementor-column-wrap\">\n\t\t\t\t\t\t\t<div class=\"elementor-widget-wrap\">\n\t\t\t\t\t\t\t\t<\/div>\n\t\t\t\t\t<\/div>\n\t\t<\/div>\n\t\t\t\t\t\t\t\t<\/div>\n\t\t\t\t\t<\/div>\n\t\t<\/section>\n\t\t\t\t<div class=\"elementor-element elementor-element-31fdaa8 elementor-widget elementor-widget-text-editor\" data-id=\"31fdaa8\" data-element_type=\"widget\" data-widget_type=\"text-editor.default\">\n\t\t\t\t<div class=\"elementor-widget-container\">\n\t\t\t\t\t\t\t\t<div class=\"elementor-text-editor elementor-clearfix\">\n\t\t\t\t<p><strong>F\u00fcr alle ab 13 Jahren<\/strong><br \/><strong>Dauer: ca. 2h 30min<\/strong><\/p><p>Konzept &amp; Performance: Ossian Hain, Anne Mahlow, Arthur Romanowski, Anja Schneidereit<br \/>Produktionsleitung &amp; Ausstattung: Anja Schneidereit<br \/>Sound: Rupert Jaud<br \/>Outside Eye: Anne Kapsner<br \/>Assistenz: \u00d6zlem T\u00fcrkan<br \/>Mit Dank an: Philipp Kehder<\/p>\t\t\t\t\t<\/div>\n\t\t\t\t\t\t<\/div>\n\t\t\t\t<\/div>\n\t\t\t\t<div class=\"elementor-element elementor-element-f84801c elementor-widget elementor-widget-text-editor\" data-id=\"f84801c\" data-element_type=\"widget\" data-widget_type=\"text-editor.default\">\n\t\t\t\t<div class=\"elementor-widget-container\">\n\t\t\t\t\t\t\t\t<div class=\"elementor-text-editor elementor-clearfix\">\n\t\t\t\t<blockquote><h2><span style=\"font-weight: var( --e-global-typography-text-font-weight ); font-size: 20px; color: #000000; font-family: Arial;\"><span style=\"font-size: 14.6667px; white-space: pre-wrap;\">\u00dcberraschend, wie viele Metaebenen sich <\/span><\/span><span style=\"font-weight: var( --e-global-typography-text-font-weight ); font-size: 14.6667px; white-space: pre-wrap; color: #000000; font-family: Arial;\">dabei ergeben. Mehr noch als \u00fcber Gerich<\/span><span style=\"font-weight: var( --e-global-typography-text-font-weight ); font-size: 14.6667px; white-space: pre-wrap; color: #000000; font-family: Arial;\">te lernt man etwas \u00fcber Theater. Was der <\/span><span style=\"font-weight: var( --e-global-typography-text-font-weight ); font-size: 14.6667px; white-space: pre-wrap; color: #000000; font-family: Arial;\">Theaterwissenschaftler Hans-Thies Lehmann <\/span><span style=\"font-weight: var( --e-global-typography-text-font-weight ); font-size: 14.6667px; white-space: pre-wrap; color: #000000; font-family: Arial;\">\u201eEinbruch des Realen\u201c nennt, wird selten so <\/span><span style=\"font-weight: var( --e-global-typography-text-font-weight ); font-size: 14.6667px; white-space: pre-wrap; color: #000000; font-family: Arial;\">greifbar wie hier. Die eigentliche Sensation ist <\/span><span style=\"font-weight: var( --e-global-typography-text-font-weight ); font-size: 14.6667px; white-space: pre-wrap; color: #000000; font-family: Arial;\">dabei nicht das theatral geframte Reale des <\/span><span style=\"font-weight: var( --e-global-typography-text-font-weight ); font-size: 14.6667px; white-space: pre-wrap; color: #000000; font-family: Arial;\">Gerichts selbst, sondern was sich darum her<\/span><span style=\"font-weight: var( --e-global-typography-text-font-weight ); font-size: 14.6667px; white-space: pre-wrap; color: #000000; font-family: Arial;\">um abspielt. Hier l\u00f6st sich etwas ein, was Thea<\/span><span style=\"font-weight: var( --e-global-typography-text-font-weight ); font-size: 14.6667px; white-space: pre-wrap; color: #000000; font-family: Arial;\">ter immer verspricht: das Potenzial des Unvor<\/span><span style=\"font-weight: var( --e-global-typography-text-font-weight ); font-size: 14.6667px; white-space: pre-wrap; color: #000000; font-family: Arial;\">hergesehenen; dass jederzeit etwas passieren <\/span><span style=\"font-weight: var( --e-global-typography-text-font-weight ); font-size: 14.6667px; white-space: pre-wrap; color: #000000; font-family: Arial;\">kann; eine Unkalkulierbarkeit, die es so un<\/span><span style=\"font-weight: var( --e-global-typography-text-font-weight ); font-size: 14.6667px; white-space: pre-wrap; color: #000000; font-family: Arial;\">mittelbar nur im Theater zu erleben gibt. Die <\/span><span style=\"font-weight: var( --e-global-typography-text-font-weight ); font-size: 14.6667px; white-space: pre-wrap; color: #000000; font-family: Arial;\">daf\u00fcr wesentliche Qualit\u00e4t der Unentscheid<\/span><span style=\"font-weight: var( --e-global-typography-text-font-weight ); font-size: 14.6667px; white-space: pre-wrap; color: #000000; font-family: Arial;\">barkeit dar\u00fcber, was real und was fiktiv ist, <\/span><span style=\"font-weight: var( --e-global-typography-text-font-weight ); font-size: 14.6667px; white-space: pre-wrap; color: #000000; font-family: Arial;\">wird hier kultiviert \u2013 und zum zentralen Thrill. <\/span><span style=\"font-weight: var( --e-global-typography-text-font-weight ); font-size: 14.6667px; white-space: pre-wrap; color: #000000; font-family: Arial;\">Diese beinahe k\u00f6rperlich sp\u00fcrbare Ambigui<\/span><span style=\"font-weight: var( --e-global-typography-text-font-weight ); font-size: 14.6667px; white-space: pre-wrap; color: #000000; font-family: Arial;\">t\u00e4t, die als \u00e4sthetisches Mittel so alt ist wie das <\/span><span style=\"font-weight: var( --e-global-typography-text-font-weight ); font-size: 14.6667px; white-space: pre-wrap; color: #000000; font-family: Arial;\">Theater selbst, zeigt, wie aufregend Theater <\/span><span style=\"font-weight: var( --e-global-typography-text-font-weight ); font-size: 14.6667px; white-space: pre-wrap; color: #000000; font-family: Arial;\">sein kann, auch ganz ohne Guckkasten.<\/span><\/h2><\/blockquote><p><span style=\"font-size: 14.6667px; white-space: pre-wrap; color: #000000; font-family: Arial; font-weight: var( --e-global-typography-text-font-weight );\">Die deutsche B\u00fchne, September 2021 <\/span><\/p><blockquote><p><span style=\"font-size: 11pt; font-family: Arial; color: #000000; background-color: transparent; font-variant-numeric: normal; font-variant-east-asian: normal; vertical-align: baseline; white-space: pre-wrap;\">Mit dem F\u00f6rderpreis ehrt die Jury die Gruppe \u201eimaginary company\u201c: [Der Gruppe] ist mir ihrer Performance \u201aDie Verhandlung\u2018 vor und im Frankfurter Oberlandesgericht eine Besonderheit gelungen: Politisches Theater f\u00fcr alle von etwa 13 Jahren an. Schon in der analog und digital erfolgreichen Performance \u201aSchulausflug\u2018 (2019) hat die seit 2017\/18 in wechselnden Formationen t\u00e4tige Gruppe eine eigene Handschrift entwickelt, die mit theatralen Methoden Ordnungsstrukturen der Gesellschaft befragt. Auf kluge Weise wird ein System in den Mittelpunkt eines partizipativen Performanceprojektes gestellt, das als Institution jeden betrifft, aber kaum hinterfragt wird. Nach dem System Schule in \u201aSchulausflug\u2018 ist nun das Rechtssystem der Bundesrepublik Deutschland Gegenstand einer theatralen Untersuchung, die jede und jeden in der Zuschauergruppe in die grundlegenden Fragen unseres Rechtsstaats, von Justiz bis Gerechtigkeit, einbezieht.\u201clt.<\/span><\/p><\/blockquote><p><span style=\"font-size: 11pt; font-family: Arial; color: #000000; background-color: transparent; font-variant-numeric: normal; font-variant-east-asian: normal; vertical-align: baseline; white-space: pre-wrap;\">Aus der <a href=\"https:\/\/kultur-frankfurt.de\/portal\/de\/startseite\/Buehne\/4\/2015\/0\/0\/1159.aspx\">Begr\u00fcndung f\u00fcr die Verleihung<\/a> des KARFUNKEL F\u00f6rderpreises der Stadt Frankfurt 2022<\/span><span style=\"color: #141495; font-family: 'Open Sans'; font-size: 32px;\">\u00a0<\/span><\/p>\t\t\t\t\t<\/div>\n\t\t\t\t\t\t<\/div>\n\t\t\t\t<\/div>\n\t\t\t\t\t\t<\/div>\n\t\t\t\t\t<\/div>\n\t\t<\/div>\n\t\t\t\t<div class=\"elementor-column elementor-col-50 elementor-top-column elementor-element elementor-element-f286993\" data-id=\"f286993\" data-element_type=\"column\">\n\t\t\t<div class=\"elementor-column-wrap elementor-element-populated\">\n\t\t\t\t\t\t\t<div class=\"elementor-widget-wrap\">\n\t\t\t\t\t\t<div class=\"elementor-element elementor-element-bd951ed elementor-widget elementor-widget-text-editor\" data-id=\"bd951ed\" data-element_type=\"widget\" data-widget_type=\"text-editor.default\">\n\t\t\t\t<div class=\"elementor-widget-container\">\n\t\t\t\t\t\t\t\t<div class=\"elementor-text-editor elementor-clearfix\">\n\t\t\t\t<div style=\"width: 575px; color: #141495; font-family: 'Open Sans';\" data-module-col=\"6\"><div style=\"padding-left: 10px; padding-right: 10px;\"><div data-animationend=\"fadeined\"><div><div><div><p><strong><span style=\"font-size: var( --e-global-typography-6604d0f-font-size );\">Die Verhandlung &#8211; Ein partizipativer Walk durchs Oberlandesgericht<\/span><\/strong><\/p><p>Wir nehmen auf den St\u00fchlen in der ersten Reihe Platz. Wir applaudieren nicht, wir schauen aufmerksam zu: Wir bezeugen alles. Jedes Detail ist wichtig, alles steht zur Verhandlung und irgendwann wird ein Urteil gef\u00e4llt. F\u00e4llt es im Namen des Volkes? Oder vielleicht im Namen des Publikums? Wie f\u00fchrt sich das Recht auf? Und welche Rolle spiele ich hier? Bin ich als Zeug*in geladen &#8211; und wem werde ich berichten? Die Verhandlung endet und \u201cDie Verhandlung\u201d beginnt. imaginary company will verhandeln und l\u00e4dt vor: Nimm dein Recht wahr, dich am Recht zu beteiligen! Beobachte mit! Bezeuge mit!<\/p><p>In der partizipatorischen Versuchsanordnung \u201cDie Verhandlung\u201d wird ein Gerichtsgeb\u00e4ude zur Protagonistin der Auff\u00fchrung. Ein altersgemischtes Publikum sieht eine Performance im \u00f6ffentlichen Raum, und wird in deren Verlauf in einen anderen \u00f6ffentlichen Raum &#8211; das Gericht &#8211; geladen. Nur geleitet von einem Ordner mit Textanweisungen erkunden die Teilnehmenden die G\u00e4nge und Abl\u00e4ufe der Institution und besuchen eine laufende Gerichtsverhandlung. Im dritten Teil der Performance, \u201cDie Verhandlung der Verhandlung\u201d, \u00fcbernimmt das Publikum selbst die Rolle von Urteilenden &#8211; es kreiert Tonaufnahmen mit Prozessbeobachtungen und setzt in einem theatralen Gespr\u00e4chsformat aus verschiedenen Perspektiven ein Portrait des Gerichts und seiner Prozesse zusammen.<\/p><p>Das Gericht wird in \u201cDie Verhandlung\u201d zur sozialen Plastik, zu einem Ort lebendiger Auseinandersetzung. Welche Position wird es darin einnehmen? Wie l\u00e4sst sich Prozessbeobachtung als kritische Praxis ein\u00fcben?<\/p><\/div><\/div><\/div><\/div><\/div><\/div>\t\t\t\t\t<\/div>\n\t\t\t\t\t\t<\/div>\n\t\t\t\t<\/div>\n\t\t\t\t<div class=\"elementor-element elementor-element-776e800 elementor-arrows-position-inside elementor-widget elementor-widget-image-carousel\" data-id=\"776e800\" data-element_type=\"widget\" data-settings=\"{&quot;slides_to_show&quot;:&quot;1&quot;,&quot;navigation&quot;:&quot;arrows&quot;,&quot;autoplay&quot;:&quot;no&quot;,&quot;infinite&quot;:&quot;yes&quot;,&quot;effect&quot;:&quot;slide&quot;,&quot;speed&quot;:500}\" data-widget_type=\"image-carousel.default\">\n\t\t\t\t<div class=\"elementor-widget-container\">\n\t\t\t\t\t<div class=\"elementor-image-carousel-wrapper swiper-container\" dir=\"ltr\">\n\t\t\t<div class=\"elementor-image-carousel swiper-wrapper\">\n\t\t\t\t\t\t\t\t<div class=\"swiper-slide\"><figure class=\"swiper-slide-inner\"><img decoding=\"async\" class=\"swiper-slide-image\" src=\"https:\/\/imaginarycompany.de\/wp-content\/uploads\/2021\/08\/UPD8247-scaled.jpg\" alt=\"_UPD8247\" \/><\/figure><\/div><div class=\"swiper-slide\"><figure class=\"swiper-slide-inner\"><img decoding=\"async\" class=\"swiper-slide-image\" src=\"https:\/\/imaginarycompany.de\/wp-content\/uploads\/2021\/08\/VonHinten-scaled.jpg\" alt=\"VonHinten\" \/><\/figure><\/div><div class=\"swiper-slide\"><figure class=\"swiper-slide-inner\"><img decoding=\"async\" class=\"swiper-slide-image\" src=\"https:\/\/imaginarycompany.de\/wp-content\/uploads\/2021\/08\/IMG_1265-scaled.jpg\" alt=\"IMG_1265\" \/><\/figure><\/div><div class=\"swiper-slide\"><figure class=\"swiper-slide-inner\"><img decoding=\"async\" class=\"swiper-slide-image\" src=\"https:\/\/imaginarycompany.de\/wp-content\/uploads\/2021\/08\/IMG_1262-scaled.jpg\" alt=\"IMG_1262\" \/><\/figure><\/div>\t\t\t<\/div>\n\t\t\t\t\t\t\t\t\t\t\t\t\t\t\t\t<div class=\"elementor-swiper-button elementor-swiper-button-prev\">\n\t\t\t\t\t\t<i aria-hidden=\"true\" class=\"eicon-chevron-left\"><\/i>\t\t\t\t\t\t<span class=\"elementor-screen-only\">Zur\u00fcck<\/span>\n\t\t\t\t\t<\/div>\n\t\t\t\t\t<div class=\"elementor-swiper-button elementor-swiper-button-next\">\n\t\t\t\t\t\t<i aria-hidden=\"true\" class=\"eicon-chevron-right\"><\/i>\t\t\t\t\t\t<span class=\"elementor-screen-only\">Weiter<\/span>\n\t\t\t\t\t<\/div>\n\t\t\t\t\t\t\t\t\t<\/div>\n\t\t\t\t<\/div>\n\t\t\t\t<\/div>\n\t\t\t\t\t\t<\/div>\n\t\t\t\t\t<\/div>\n\t\t<\/div>\n\t\t\t\t\t\t\t\t<\/div>\n\t\t\t\t\t<\/div>\n\t\t<\/section>\n\t\t\t\t<section class=\"elementor-section elementor-top-section elementor-element elementor-element-ad827ca elementor-section-boxed elementor-section-height-default elementor-section-height-default\" data-id=\"ad827ca\" data-element_type=\"section\">\n\t\t\t\t\t\t<div class=\"elementor-container elementor-column-gap-default\">\n\t\t\t\t\t\t\t<div class=\"elementor-row\">\n\t\t\t\t\t<div class=\"elementor-column elementor-col-100 elementor-top-column elementor-element elementor-element-418d65f\" data-id=\"418d65f\" data-element_type=\"column\">\n\t\t\t<div class=\"elementor-column-wrap elementor-element-populated\">\n\t\t\t\t\t\t\t<div class=\"elementor-widget-wrap\">\n\t\t\t\t\t\t<div class=\"elementor-element elementor-element-59a5856 elementor-widget elementor-widget-text-editor\" data-id=\"59a5856\" data-element_type=\"widget\" data-widget_type=\"text-editor.default\">\n\t\t\t\t<div class=\"elementor-widget-container\">\n\t\t\t\t\t\t\t\t<div class=\"elementor-text-editor elementor-clearfix\">\n\t\t\t\t<p><span style=\"color: #141495; font-family: 'Open Sans'; font-size: 12px;\">Die Produktion entstand mit Projektmitteln der Stadt Frankfurt, des Landes Hessen, des Fonds Darstellende K\u00fcnste und in Kooperation mit dem K\u00fcnstlerhaus Mousonturm.<\/span><\/p>\t\t\t\t\t<\/div>\n\t\t\t\t\t\t<\/div>\n\t\t\t\t<\/div>\n\t\t\t\t\t\t<\/div>\n\t\t\t\t\t<\/div>\n\t\t<\/div>\n\t\t\t\t\t\t\t\t<\/div>\n\t\t\t\t\t<\/div>\n\t\t<\/section>\n\t\t\t\t\t\t\t\t\t<\/div>\n\t\t\t<\/div>\n\t\t\t\t\t<\/div>\n\t\t","protected":false},"excerpt":{"rendered":"<p>Ausgezeichnet mit dem F\u00f6rderpreis KARFUNKEL der Stadt Frankfurt am Main. &hellip;<\/p>\n","protected":false},"author":1,"featured_media":687,"parent":10,"menu_order":0,"comment_status":"closed","ping_status":"closed","template":"","meta":{"inline_featured_image":false},"_links":{"self":[{"href":"https:\/\/imaginarycompany.de\/index.php?rest_route=\/wp\/v2\/pages\/686"}],"collection":[{"href":"https:\/\/imaginarycompany.de\/index.php?rest_route=\/wp\/v2\/pages"}],"about":[{"href":"https:\/\/imaginarycompany.de\/index.php?rest_route=\/wp\/v2\/types\/page"}],"author":[{"embeddable":true,"href":"https:\/\/imaginarycompany.de\/index.php?rest_route=\/wp\/v2\/users\/1"}],"replies":[{"embeddable":true,"href":"https:\/\/imaginarycompany.de\/index.php?rest_route=%2Fwp%2Fv2%2Fcomments&post=686"}],"version-history":[{"count":24,"href":"https:\/\/imaginarycompany.de\/index.php?rest_route=\/wp\/v2\/pages\/686\/revisions"}],"predecessor-version":[{"id":1041,"href":"https:\/\/imaginarycompany.de\/index.php?rest_route=\/wp\/v2\/pages\/686\/revisions\/1041"}],"up":[{"embeddable":true,"href":"https:\/\/imaginarycompany.de\/index.php?rest_route=\/wp\/v2\/pages\/10"}],"wp:featuredmedia":[{"embeddable":true,"href":"https:\/\/imaginarycompany.de\/index.php?rest_route=\/wp\/v2\/media\/687"}],"wp:attachment":[{"href":"https:\/\/imaginarycompany.de\/index.php?rest_route=%2Fwp%2Fv2%2Fmedia&parent=686"}],"curies":[{"name":"wp","href":"https:\/\/api.w.org\/{rel}","templated":true}]}}