{"id":696,"date":"2020-11-01T19:27:35","date_gmt":"2020-11-01T19:27:35","guid":{"rendered":"http:\/\/hkmr.de\/?page_id=696"},"modified":"2021-11-09T11:28:31","modified_gmt":"2021-11-09T11:28:31","slug":"eigentum-verpflichtet","status":"publish","type":"page","link":"https:\/\/imaginarycompany.de\/?page_id=696","title":{"rendered":"Eigentum Verpflichtet"},"content":{"rendered":"<div class=\"bm-builder\"><div class=\"module col-11   module-id-1604258686773\" data-module-col=\"11\"><div class=\"module-inside clearfix\"><div class=\"text_block_out \" data-animationend=\"fadeined\"><div class=\"text_block ux-mod-nobg\" style=\"\"><div class=\"text_block_inn\"><div class=\"text_block_centered \" style=\"\"><h1><b><br><\/b><\/h1><h1><b>Eigentum verpflichtet<\/b><\/h1>\r\n<p><u style=\"\">Rechercheprojekt mit Sch\u00fcler*innen der IGS Herder (2021)<\/u><\/p>\r\n<p>Wenn ich ein Auto besitze, muss ich es fahren d\u00fcrfen und mich an die Regeln halten. Wie verh\u00e4lt es sich mit dem Besitz, den ich nicht kaufe, sondern von Geburt an mitbringe, wie Geschlecht, Herkunft, Hautfarbe, Klasse? Welchen F\u00fchrerschein kann ich als wei\u00dfe, b\u00fcrgerliche Person f\u00fcr dieses Eigentum machen? Mit postkolonialen und \u00f6konomischen Theorien bewaffnet, begibt sich das Performancekollektiv imaginary company gemeinsam mit Sch\u00fcler*innen der IGS Herder ins Feld der Repr\u00e4sentationsdiskurse und forscht danach, was unsere Privilegien er\u00f6ffnen und welche Pflichten dieses Eigentum an uns stellen. Aus einer ausgiebigen Materialsammlung \u2013 von aktuellen Entwicklungen der Genetik, bis zu den Theorien Achille Mbembes \u2013 entstehen mehrere Formatentw\u00fcrfe.<\/p>\r\n<\/div><\/div><\/div><\/div><\/div><\/div><div class=\"module col-12   module-id-1636456478423\" data-module-col=\"12\"><div class=\"module-inside clearfix\"><div class=\"ux-portfolio-full\"><div class=\"grid-stack grid-stack-1636456478423 lightbox-photoswipe grid-text-center   \" data-spacing=\"0\" data-item-style=\"image\" data-number=\"-1\"><div class=\"grid-stack-item  \" data-postid=\"992\" data-gs-x=\"3\" data-gs-y=\"0\" data-gs-width=\"3\" data-gs-height=\"3\"><div class=\"grid-stack-item-content\"><div class=\"grid-item-inside  \" data-lightbox=\"true\" data-animationend=\"fadeined\"><div class=\"grid-item-con post--992\"><a data-title=\"\" title=\"\" class=\"lightbox-item grid-item-mask-link\" href=\"https:\/\/imaginarycompany.de\/wp-content\/uploads\/2021\/11\/Eigentum-verpflichtet-002.jpg\" data-size=\"900x1200\"><img class=\"lightbox-img-hide\" width=\"900\" height=\"1200\" src=\"data:image\/gif;base64,R0lGODlhAQABAIAAAAAAAP\/\/\/yH5BAEAAAAALAAAAAABAAEAAAIBRAA7\" alt=\"Eigentum verpflichtet 002\" \/><\/a><div class=\"grid-item-con-text\"><h2 class=\"grid-item-tit\">Eigentum verpflichtet 002<\/h2><\/div><\/div><div class=\"brick-content ux-lazyload-wrap\" style=\" padding-top: 133.33333333333%;\"><div class=\"ux-lazyload-bgimg ux-background-img ux-background-img-1st\" data-bg=\"https:\/\/imaginarycompany.de\/wp-content\/uploads\/2021\/11\/Eigentum-verpflichtet-002.jpg\" data-xx=\"3\"><\/div><div class=\"ux-background-img ux-lazyload-bgimg\"><\/div><\/div><\/div><\/div><\/div><div class=\"grid-stack-item  \" data-postid=\"993\" data-gs-x=\"6\" data-gs-y=\"0\" data-gs-width=\"3\" data-gs-height=\"3\"><div class=\"grid-stack-item-content\"><div class=\"grid-item-inside  \" data-lightbox=\"true\" data-animationend=\"fadeined\"><div class=\"grid-item-con post--993\"><a data-title=\"\" title=\"\" class=\"lightbox-item grid-item-mask-link\" href=\"https:\/\/imaginarycompany.de\/wp-content\/uploads\/2021\/11\/Eigentum-verpflichtet-003.jpg\" data-size=\"900x675\"><img class=\"lightbox-img-hide\" width=\"900\" height=\"675\" src=\"data:image\/gif;base64,R0lGODlhAQABAIAAAAAAAP\/\/\/yH5BAEAAAAALAAAAAABAAEAAAIBRAA7\" alt=\"Eigentum verpflichtet 003\" \/><\/a><div class=\"grid-item-con-text\"><h2 class=\"grid-item-tit\">Eigentum verpflichtet 003<\/h2><\/div><\/div><div class=\"brick-content ux-lazyload-wrap\" style=\" padding-top: 75%;\"><div class=\"ux-lazyload-bgimg ux-background-img ux-background-img-1st\" data-bg=\"https:\/\/imaginarycompany.de\/wp-content\/uploads\/2021\/11\/Eigentum-verpflichtet-003.jpg\" data-xx=\"3\"><\/div><div class=\"ux-background-img ux-lazyload-bgimg\"><\/div><\/div><\/div><\/div><\/div><div class=\"grid-stack-item  \" data-postid=\"994\" data-gs-x=\"9\" data-gs-y=\"0\" data-gs-width=\"3\" data-gs-height=\"3\"><div class=\"grid-stack-item-content\"><div class=\"grid-item-inside  \" data-lightbox=\"true\" data-animationend=\"fadeined\"><div class=\"grid-item-con post--994\"><a data-title=\"\" title=\"\" class=\"lightbox-item grid-item-mask-link\" href=\"https:\/\/imaginarycompany.de\/wp-content\/uploads\/2021\/11\/Eigentum-verpflichtet-004.jpg\" data-size=\"900x600\"><img class=\"lightbox-img-hide\" width=\"900\" height=\"600\" src=\"data:image\/gif;base64,R0lGODlhAQABAIAAAAAAAP\/\/\/yH5BAEAAAAALAAAAAABAAEAAAIBRAA7\" alt=\"Eigentum verpflichtet 004\" \/><\/a><div class=\"grid-item-con-text\"><h2 class=\"grid-item-tit\">Eigentum verpflichtet 004<\/h2><\/div><\/div><div class=\"brick-content ux-lazyload-wrap\" style=\" padding-top: 66.666666666667%;\"><div class=\"ux-lazyload-bgimg ux-background-img ux-background-img-1st\" data-bg=\"https:\/\/imaginarycompany.de\/wp-content\/uploads\/2021\/11\/Eigentum-verpflichtet-004.jpg\" data-xx=\"3\"><\/div><div class=\"ux-background-img ux-lazyload-bgimg\"><\/div><\/div><\/div><\/div><\/div><div class=\"grid-stack-item  \" data-postid=\"995\" data-gs-x=\"0\" data-gs-y=\"0\" data-gs-width=\"3\" data-gs-height=\"3\"><div class=\"grid-stack-item-content\"><div class=\"grid-item-inside  \" data-lightbox=\"true\" data-animationend=\"fadeined\"><div class=\"grid-item-con post--995\"><a data-title=\"\" title=\"\" class=\"lightbox-item grid-item-mask-link\" href=\"https:\/\/imaginarycompany.de\/wp-content\/uploads\/2021\/11\/Eigentum-verpflichtet-005.jpg\" data-size=\"900x600\"><img class=\"lightbox-img-hide\" width=\"900\" height=\"600\" src=\"data:image\/gif;base64,R0lGODlhAQABAIAAAAAAAP\/\/\/yH5BAEAAAAALAAAAAABAAEAAAIBRAA7\" alt=\"Eigentum verpflichtet 005\" \/><\/a><div class=\"grid-item-con-text\"><h2 class=\"grid-item-tit\">Eigentum verpflichtet 005<\/h2><\/div><\/div><div class=\"brick-content ux-lazyload-wrap\" style=\" padding-top: 66.666666666667%;\"><div class=\"ux-lazyload-bgimg ux-background-img ux-background-img-1st\" data-bg=\"https:\/\/imaginarycompany.de\/wp-content\/uploads\/2021\/11\/Eigentum-verpflichtet-005.jpg\" data-xx=\"3\"><\/div><div class=\"ux-background-img ux-lazyload-bgimg\"><\/div><\/div><\/div><\/div><\/div><div class=\"grid-stack-item  \" data-postid=\"996\" data-gs-x=\"3\" data-gs-y=\"3\" data-gs-width=\"3\" data-gs-height=\"3\"><div class=\"grid-stack-item-content\"><div class=\"grid-item-inside  \" data-lightbox=\"true\" data-animationend=\"fadeined\"><div class=\"grid-item-con post--996\"><a data-title=\"\" title=\"\" class=\"lightbox-item grid-item-mask-link\" href=\"https:\/\/imaginarycompany.de\/wp-content\/uploads\/2021\/11\/Eigentum-verpflichtet-006.jpg\" data-size=\"900x600\"><img class=\"lightbox-img-hide\" width=\"900\" height=\"600\" src=\"data:image\/gif;base64,R0lGODlhAQABAIAAAAAAAP\/\/\/yH5BAEAAAAALAAAAAABAAEAAAIBRAA7\" alt=\"Eigentum verpflichtet 006\" \/><\/a><div class=\"grid-item-con-text\"><h2 class=\"grid-item-tit\">Eigentum verpflichtet 006<\/h2><\/div><\/div><div class=\"brick-content ux-lazyload-wrap\" style=\" padding-top: 66.666666666667%;\"><div class=\"ux-lazyload-bgimg ux-background-img ux-background-img-1st\" data-bg=\"https:\/\/imaginarycompany.de\/wp-content\/uploads\/2021\/11\/Eigentum-verpflichtet-006.jpg\" data-xx=\"3\"><\/div><div class=\"ux-background-img ux-lazyload-bgimg\"><\/div><\/div><\/div><\/div><\/div><div class=\"grid-stack-item  \" data-postid=\"997\" data-gs-x=\"6\" data-gs-y=\"3\" data-gs-width=\"3\" data-gs-height=\"3\"><div class=\"grid-stack-item-content\"><div class=\"grid-item-inside  \" data-lightbox=\"true\" data-animationend=\"fadeined\"><div class=\"grid-item-con post--997\"><a data-title=\"\" title=\"\" class=\"lightbox-item grid-item-mask-link\" href=\"https:\/\/imaginarycompany.de\/wp-content\/uploads\/2021\/11\/Eigentum-verpflichtet-007.jpg\" data-size=\"900x600\"><img class=\"lightbox-img-hide\" width=\"900\" height=\"600\" src=\"data:image\/gif;base64,R0lGODlhAQABAIAAAAAAAP\/\/\/yH5BAEAAAAALAAAAAABAAEAAAIBRAA7\" alt=\"Eigentum verpflichtet 007\" \/><\/a><div class=\"grid-item-con-text\"><h2 class=\"grid-item-tit\">Eigentum verpflichtet 007<\/h2><\/div><\/div><div class=\"brick-content ux-lazyload-wrap\" style=\" padding-top: 66.666666666667%;\"><div class=\"ux-lazyload-bgimg ux-background-img ux-background-img-1st\" data-bg=\"https:\/\/imaginarycompany.de\/wp-content\/uploads\/2021\/11\/Eigentum-verpflichtet-007.jpg\" data-xx=\"3\"><\/div><div class=\"ux-background-img ux-lazyload-bgimg\"><\/div><\/div><\/div><\/div><\/div><div class=\"grid-stack-item  \" data-postid=\"998\" data-gs-x=\"9\" data-gs-y=\"3\" data-gs-width=\"3\" data-gs-height=\"3\"><div class=\"grid-stack-item-content\"><div class=\"grid-item-inside  \" data-lightbox=\"true\" data-animationend=\"fadeined\"><div class=\"grid-item-con post--998\"><a data-title=\"\" title=\"\" class=\"lightbox-item grid-item-mask-link\" href=\"https:\/\/imaginarycompany.de\/wp-content\/uploads\/2021\/11\/Eigentum-verpflichtet-008.jpg\" data-size=\"900x1350\"><img class=\"lightbox-img-hide\" width=\"900\" height=\"1350\" src=\"data:image\/gif;base64,R0lGODlhAQABAIAAAAAAAP\/\/\/yH5BAEAAAAALAAAAAABAAEAAAIBRAA7\" alt=\"Eigentum verpflichtet 008\" \/><\/a><div class=\"grid-item-con-text\"><h2 class=\"grid-item-tit\">Eigentum verpflichtet 008<\/h2><\/div><\/div><div class=\"brick-content ux-lazyload-wrap\" style=\" padding-top: 150%;\"><div class=\"ux-lazyload-bgimg ux-background-img ux-background-img-1st\" data-bg=\"https:\/\/imaginarycompany.de\/wp-content\/uploads\/2021\/11\/Eigentum-verpflichtet-008.jpg\" data-xx=\"3\"><\/div><div class=\"ux-background-img ux-lazyload-bgimg\"><\/div><\/div><\/div><\/div><\/div><div class=\"grid-stack-item  \" data-postid=\"1000\" data-gs-x=\"3\" data-gs-y=\"6\" data-gs-width=\"3\" data-gs-height=\"3\"><div class=\"grid-stack-item-content\"><div class=\"grid-item-inside  \" data-lightbox=\"true\" data-animationend=\"fadeined\"><div class=\"grid-item-con post--1000\"><a data-title=\"\" title=\"\" class=\"lightbox-item grid-item-mask-link\" href=\"https:\/\/imaginarycompany.de\/wp-content\/uploads\/2021\/11\/Eigentum-verpflichtet-010.jpg\" data-size=\"900x600\"><img class=\"lightbox-img-hide\" width=\"900\" height=\"600\" src=\"data:image\/gif;base64,R0lGODlhAQABAIAAAAAAAP\/\/\/yH5BAEAAAAALAAAAAABAAEAAAIBRAA7\" alt=\"Eigentum verpflichtet 010\" \/><\/a><div class=\"grid-item-con-text\"><h2 class=\"grid-item-tit\">Eigentum verpflichtet 010<\/h2><\/div><\/div><div class=\"brick-content ux-lazyload-wrap\" style=\" padding-top: 66.666666666667%;\"><div class=\"ux-lazyload-bgimg ux-background-img ux-background-img-1st\" data-bg=\"https:\/\/imaginarycompany.de\/wp-content\/uploads\/2021\/11\/Eigentum-verpflichtet-010.jpg\" data-xx=\"3\"><\/div><div class=\"ux-background-img ux-lazyload-bgimg\"><\/div><\/div><\/div><\/div><\/div><div class=\"grid-stack-item  \" data-postid=\"1001\" data-gs-x=\"6\" data-gs-y=\"6\" data-gs-width=\"3\" data-gs-height=\"3\"><div class=\"grid-stack-item-content\"><div class=\"grid-item-inside  \" data-lightbox=\"true\" data-animationend=\"fadeined\"><div class=\"grid-item-con post--1001\"><a data-title=\"\" title=\"\" class=\"lightbox-item grid-item-mask-link\" href=\"https:\/\/imaginarycompany.de\/wp-content\/uploads\/2021\/11\/Eigentum-verpflichtet-011.jpg\" data-size=\"900x600\"><img class=\"lightbox-img-hide\" width=\"900\" height=\"600\" src=\"data:image\/gif;base64,R0lGODlhAQABAIAAAAAAAP\/\/\/yH5BAEAAAAALAAAAAABAAEAAAIBRAA7\" alt=\"Eigentum verpflichtet 011\" \/><\/a><div class=\"grid-item-con-text\"><h2 class=\"grid-item-tit\">Eigentum verpflichtet 011<\/h2><\/div><\/div><div class=\"brick-content ux-lazyload-wrap\" style=\" padding-top: 66.666666666667%;\"><div class=\"ux-lazyload-bgimg ux-background-img ux-background-img-1st\" data-bg=\"https:\/\/imaginarycompany.de\/wp-content\/uploads\/2021\/11\/Eigentum-verpflichtet-011.jpg\" data-xx=\"3\"><\/div><div class=\"ux-background-img ux-lazyload-bgimg\"><\/div><\/div><\/div><\/div><\/div><div class=\"grid-stack-item  \" data-postid=\"1002\" data-gs-x=\"9\" data-gs-y=\"6\" data-gs-width=\"3\" data-gs-height=\"3\"><div class=\"grid-stack-item-content\"><div class=\"grid-item-inside  \" data-lightbox=\"true\" data-animationend=\"fadeined\"><div class=\"grid-item-con post--1002\"><a data-title=\"\" title=\"\" class=\"lightbox-item grid-item-mask-link\" href=\"https:\/\/imaginarycompany.de\/wp-content\/uploads\/2021\/11\/Eigentum-verpflichtet-012.jpg\" data-size=\"900x600\"><img class=\"lightbox-img-hide\" width=\"900\" height=\"600\" src=\"data:image\/gif;base64,R0lGODlhAQABAIAAAAAAAP\/\/\/yH5BAEAAAAALAAAAAABAAEAAAIBRAA7\" alt=\"Eigentum verpflichtet 012\" \/><\/a><div class=\"grid-item-con-text\"><h2 class=\"grid-item-tit\">Eigentum verpflichtet 012<\/h2><\/div><\/div><div class=\"brick-content ux-lazyload-wrap\" style=\" padding-top: 66.666666666667%;\"><div class=\"ux-lazyload-bgimg ux-background-img ux-background-img-1st\" data-bg=\"https:\/\/imaginarycompany.de\/wp-content\/uploads\/2021\/11\/Eigentum-verpflichtet-012.jpg\" data-xx=\"3\"><\/div><div class=\"ux-background-img ux-lazyload-bgimg\"><\/div><\/div><\/div><\/div><\/div><div class=\"grid-stack-item  \" data-postid=\"1003\" data-gs-x=\"0\" data-gs-y=\"3\" data-gs-width=\"3\" data-gs-height=\"3\"><div class=\"grid-stack-item-content\"><div class=\"grid-item-inside  \" data-lightbox=\"true\" data-animationend=\"fadeined\"><div class=\"grid-item-con post--1003\"><a data-title=\"\" title=\"\" class=\"lightbox-item grid-item-mask-link\" href=\"https:\/\/imaginarycompany.de\/wp-content\/uploads\/2021\/11\/Eigentum-verpflichtet-013.jpg\" data-size=\"900x600\"><img class=\"lightbox-img-hide\" width=\"900\" height=\"600\" src=\"data:image\/gif;base64,R0lGODlhAQABAIAAAAAAAP\/\/\/yH5BAEAAAAALAAAAAABAAEAAAIBRAA7\" alt=\"Eigentum verpflichtet 013\" \/><\/a><div class=\"grid-item-con-text\"><h2 class=\"grid-item-tit\">Eigentum verpflichtet 013<\/h2><\/div><\/div><div class=\"brick-content ux-lazyload-wrap\" style=\" padding-top: 66.666666666667%;\"><div class=\"ux-lazyload-bgimg ux-background-img ux-background-img-1st\" data-bg=\"https:\/\/imaginarycompany.de\/wp-content\/uploads\/2021\/11\/Eigentum-verpflichtet-013.jpg\" data-xx=\"3\"><\/div><div class=\"ux-background-img ux-lazyload-bgimg\"><\/div><\/div><\/div><\/div><\/div><div class=\"grid-stack-item  \" data-postid=\"1004\" data-gs-x=\"3\" data-gs-y=\"9\" data-gs-width=\"3\" data-gs-height=\"3\"><div class=\"grid-stack-item-content\"><div class=\"grid-item-inside  \" data-lightbox=\"true\" data-animationend=\"fadeined\"><div class=\"grid-item-con post--1004\"><a data-title=\"\" title=\"\" class=\"lightbox-item grid-item-mask-link\" href=\"https:\/\/imaginarycompany.de\/wp-content\/uploads\/2021\/11\/Eigentum-verpflichtet-014.jpg\" data-size=\"900x600\"><img class=\"lightbox-img-hide\" width=\"900\" height=\"600\" src=\"data:image\/gif;base64,R0lGODlhAQABAIAAAAAAAP\/\/\/yH5BAEAAAAALAAAAAABAAEAAAIBRAA7\" alt=\"Eigentum verpflichtet 014\" \/><\/a><div class=\"grid-item-con-text\"><h2 class=\"grid-item-tit\">Eigentum verpflichtet 014<\/h2><\/div><\/div><div class=\"brick-content ux-lazyload-wrap\" style=\" padding-top: 66.666666666667%;\"><div class=\"ux-lazyload-bgimg ux-background-img ux-background-img-1st\" data-bg=\"https:\/\/imaginarycompany.de\/wp-content\/uploads\/2021\/11\/Eigentum-verpflichtet-014.jpg\" data-xx=\"3\"><\/div><div class=\"ux-background-img ux-lazyload-bgimg\"><\/div><\/div><\/div><\/div><\/div><div class=\"grid-stack-item  \" data-postid=\"1005\" data-gs-x=\"6\" data-gs-y=\"9\" data-gs-width=\"3\" data-gs-height=\"3\"><div class=\"grid-stack-item-content\"><div class=\"grid-item-inside  \" data-lightbox=\"true\" data-animationend=\"fadeined\"><div class=\"grid-item-con post--1005\"><a data-title=\"\" title=\"\" class=\"lightbox-item grid-item-mask-link\" href=\"https:\/\/imaginarycompany.de\/wp-content\/uploads\/2021\/11\/Eigentum-verpflichtet-015.jpg\" data-size=\"900x600\"><img class=\"lightbox-img-hide\" width=\"900\" height=\"600\" src=\"data:image\/gif;base64,R0lGODlhAQABAIAAAAAAAP\/\/\/yH5BAEAAAAALAAAAAABAAEAAAIBRAA7\" alt=\"Eigentum verpflichtet 015\" \/><\/a><div class=\"grid-item-con-text\"><h2 class=\"grid-item-tit\">Eigentum verpflichtet 015<\/h2><\/div><\/div><div class=\"brick-content ux-lazyload-wrap\" style=\" padding-top: 66.666666666667%;\"><div class=\"ux-lazyload-bgimg ux-background-img ux-background-img-1st\" data-bg=\"https:\/\/imaginarycompany.de\/wp-content\/uploads\/2021\/11\/Eigentum-verpflichtet-015.jpg\" data-xx=\"3\"><\/div><div class=\"ux-background-img ux-lazyload-bgimg\"><\/div><\/div><\/div><\/div><\/div><div class=\"grid-stack-item  \" data-postid=\"1006\" data-gs-x=\"9\" data-gs-y=\"9\" data-gs-width=\"3\" data-gs-height=\"3\"><div class=\"grid-stack-item-content\"><div class=\"grid-item-inside  \" data-lightbox=\"true\" data-animationend=\"fadeined\"><div class=\"grid-item-con post--1006\"><a data-title=\"\" title=\"\" class=\"lightbox-item grid-item-mask-link\" href=\"https:\/\/imaginarycompany.de\/wp-content\/uploads\/2021\/11\/Eigentum-verpflichtet-016.jpg\" data-size=\"900x600\"><img class=\"lightbox-img-hide\" width=\"900\" height=\"600\" src=\"data:image\/gif;base64,R0lGODlhAQABAIAAAAAAAP\/\/\/yH5BAEAAAAALAAAAAABAAEAAAIBRAA7\" alt=\"Eigentum verpflichtet 016\" \/><\/a><div class=\"grid-item-con-text\"><h2 class=\"grid-item-tit\">Eigentum verpflichtet 016<\/h2><\/div><\/div><div class=\"brick-content ux-lazyload-wrap\" style=\" padding-top: 66.666666666667%;\"><div class=\"ux-lazyload-bgimg ux-background-img ux-background-img-1st\" data-bg=\"https:\/\/imaginarycompany.de\/wp-content\/uploads\/2021\/11\/Eigentum-verpflichtet-016.jpg\" data-xx=\"3\"><\/div><div class=\"ux-background-img ux-lazyload-bgimg\"><\/div><\/div><\/div><\/div><\/div><div class=\"grid-stack-item  \" data-postid=\"1007\" data-gs-x=\"0\" data-gs-y=\"6\" data-gs-width=\"3\" data-gs-height=\"3\"><div class=\"grid-stack-item-content\"><div class=\"grid-item-inside  \" data-lightbox=\"true\" data-animationend=\"fadeined\"><div class=\"grid-item-con post--1007\"><a data-title=\"\" title=\"\" class=\"lightbox-item grid-item-mask-link\" href=\"https:\/\/imaginarycompany.de\/wp-content\/uploads\/2021\/11\/Eigentum-verpflichtet-017.jpg\" data-size=\"900x600\"><img class=\"lightbox-img-hide\" width=\"900\" height=\"600\" src=\"data:image\/gif;base64,R0lGODlhAQABAIAAAAAAAP\/\/\/yH5BAEAAAAALAAAAAABAAEAAAIBRAA7\" alt=\"Eigentum verpflichtet 017\" \/><\/a><div class=\"grid-item-con-text\"><h2 class=\"grid-item-tit\">Eigentum verpflichtet 017<\/h2><\/div><\/div><div class=\"brick-content ux-lazyload-wrap\" style=\" padding-top: 66.666666666667%;\"><div class=\"ux-lazyload-bgimg ux-background-img ux-background-img-1st\" data-bg=\"https:\/\/imaginarycompany.de\/wp-content\/uploads\/2021\/11\/Eigentum-verpflichtet-017.jpg\" data-xx=\"3\"><\/div><div class=\"ux-background-img ux-lazyload-bgimg\"><\/div><\/div><\/div><\/div><\/div><div class=\"grid-stack-item  \" data-postid=\"1008\" data-gs-x=\"3\" data-gs-y=\"12\" data-gs-width=\"3\" data-gs-height=\"3\"><div class=\"grid-stack-item-content\"><div class=\"grid-item-inside  \" data-lightbox=\"true\" data-animationend=\"fadeined\"><div class=\"grid-item-con post--1008\"><a data-title=\"\" title=\"\" class=\"lightbox-item grid-item-mask-link\" href=\"https:\/\/imaginarycompany.de\/wp-content\/uploads\/2021\/11\/Eigentum-verpflichtet-018.jpg\" data-size=\"900x600\"><img class=\"lightbox-img-hide\" width=\"900\" height=\"600\" src=\"data:image\/gif;base64,R0lGODlhAQABAIAAAAAAAP\/\/\/yH5BAEAAAAALAAAAAABAAEAAAIBRAA7\" alt=\"Eigentum verpflichtet 018\" \/><\/a><div class=\"grid-item-con-text\"><h2 class=\"grid-item-tit\">Eigentum verpflichtet 018<\/h2><\/div><\/div><div class=\"brick-content ux-lazyload-wrap\" style=\" padding-top: 66.666666666667%;\"><div class=\"ux-lazyload-bgimg ux-background-img ux-background-img-1st\" data-bg=\"https:\/\/imaginarycompany.de\/wp-content\/uploads\/2021\/11\/Eigentum-verpflichtet-018.jpg\" data-xx=\"3\"><\/div><div class=\"ux-background-img ux-lazyload-bgimg\"><\/div><\/div><\/div><\/div><\/div><\/div><\/div><\/div><\/div><div class=\"module col-11   module-id-1636456916566\" data-module-col=\"11\"><div class=\"module-inside clearfix\"><div class=\"text_block_out \" data-animationend=\"fadeined\"><div class=\"text_block ux-mod-nobg\" style=\"\"><div class=\"text_block_inn\"><div class=\"text_block_centered \" style=\"\"><p><br><\/p><p>Die IGS Herder veranstaltet mit dem Format \u201cRaus aus der Schule\u201d ein Programm, in dessen Rahmen die Sch\u00fcler*innen auf freiwilliger Basis ihren pers\u00f6nlichen Schwerpunkten nachgehen k\u00f6nnen. Das Format findet w\u00f6chentlich in 2 Schulstunden statt und ist Teil des Kulturschwerpunkts der Schule, in dem \u00fcber verschiedene Angebote die Selbstinitiative der Sch\u00fcler*innen gef\u00f6rdert wird.<\/p>\r\n<p>&nbsp;<\/p>\r\n<p><b>Die Produktion wird gef\u00f6rdert durch Projektmittel \u201ckunstvoll\u201d des Landes Hessen sowie durch Mittel des Fonds Soziokultur.<\/b><\/p><p><\/p>\r\n<\/div><\/div><\/div><\/div><\/div><\/div><\/div>","protected":false},"excerpt":{"rendered":"","protected":false},"author":1,"featured_media":996,"parent":10,"menu_order":0,"comment_status":"closed","ping_status":"closed","template":"","meta":{"inline_featured_image":false},"_links":{"self":[{"href":"https:\/\/imaginarycompany.de\/index.php?rest_route=\/wp\/v2\/pages\/696"}],"collection":[{"href":"https:\/\/imaginarycompany.de\/index.php?rest_route=\/wp\/v2\/pages"}],"about":[{"href":"https:\/\/imaginarycompany.de\/index.php?rest_route=\/wp\/v2\/types\/page"}],"author":[{"embeddable":true,"href":"https:\/\/imaginarycompany.de\/index.php?rest_route=\/wp\/v2\/users\/1"}],"replies":[{"embeddable":true,"href":"https:\/\/imaginarycompany.de\/index.php?rest_route=%2Fwp%2Fv2%2Fcomments&post=696"}],"version-history":[{"count":7,"href":"https:\/\/imaginarycompany.de\/index.php?rest_route=\/wp\/v2\/pages\/696\/revisions"}],"predecessor-version":[{"id":1017,"href":"https:\/\/imaginarycompany.de\/index.php?rest_route=\/wp\/v2\/pages\/696\/revisions\/1017"}],"up":[{"embeddable":true,"href":"https:\/\/imaginarycompany.de\/index.php?rest_route=\/wp\/v2\/pages\/10"}],"wp:featuredmedia":[{"embeddable":true,"href":"https:\/\/imaginarycompany.de\/index.php?rest_route=\/wp\/v2\/media\/996"}],"wp:attachment":[{"href":"https:\/\/imaginarycompany.de\/index.php?rest_route=%2Fwp%2Fv2%2Fmedia&parent=696"}],"curies":[{"name":"wp","href":"https:\/\/api.w.org\/{rel}","templated":true}]}}